{"id":1014,"date":"2023-03-26T11:08:09","date_gmt":"2023-03-26T11:08:09","guid":{"rendered":"https:\/\/junglecoworking.hu\/?page_id=1014"},"modified":"2024-09-10T11:07:51","modified_gmt":"2024-09-10T09:07:51","slug":"szekhelyszolgaltatas","status":"publish","type":"page","link":"https:\/\/junglecoworking.hu\/en\/szekhelyszolgaltatas\/","title":{"rendered":"Sz\u00e9khelyszolg\u00e1ltat\u00e1s"},"content":{"rendered":"<div data-elementor-type=\"wp-page\" data-elementor-id=\"1014\" class=\"elementor elementor-1014\" data-elementor-post-type=\"page\">\n\t\t\t\t\t\t<section class=\"elementor-section elementor-top-section elementor-element elementor-element-66257f5d ct-section-stretched elementor-section-full_width elementor-section-height-full elementor-section-height-default elementor-section-items-middle\" data-id=\"66257f5d\" data-element_type=\"section\" data-e-type=\"section\" data-settings=\"{&quot;background_background&quot;:&quot;classic&quot;}\">\n\t\t\t\t\t\t\t<div class=\"elementor-background-overlay\"><\/div>\n\t\t\t\t\t\t\t<div class=\"elementor-container elementor-column-gap-default\">\n\t\t\t\t\t<div class=\"elementor-column elementor-col-100 elementor-top-column elementor-element elementor-element-14ef8434\" data-id=\"14ef8434\" data-element_type=\"column\" data-e-type=\"column\">\n\t\t\t<div class=\"elementor-widget-wrap elementor-element-populated\">\n\t\t\t\t\t\t<div class=\"elementor-element elementor-element-64775e08 elementor-widget elementor-widget-heading\" data-id=\"64775e08\" data-element_type=\"widget\" data-e-type=\"widget\" data-widget_type=\"heading.default\">\n\t\t\t\t<div class=\"elementor-widget-container\">\n\t\t\t\t\t<h1 class=\"elementor-heading-title elementor-size-default\">Sz\u00e9khelyszolg\u00e1ltat\u00e1s<\/h1>\t\t\t\t<\/div>\n\t\t\t\t<\/div>\n\t\t\t\t<div class=\"elementor-element elementor-element-17ecbd48 elementor-widget elementor-widget-text-editor\" data-id=\"17ecbd48\" data-element_type=\"widget\" data-e-type=\"widget\" data-widget_type=\"text-editor.default\">\n\t\t\t\t<div class=\"elementor-widget-container\">\n\t\t\t\t\t\t\t\t\t<p>Megb\u00edzhat\u00f3 sz\u00e9khelyszolg\u00e1ltat\u00e1s Szeged belv\u00e1ros\u00e1ban.<\/p>\t\t\t\t\t\t\t\t<\/div>\n\t\t\t\t<\/div>\n\t\t\t\t\t<\/div>\n\t\t<\/div>\n\t\t\t\t\t<\/div>\n\t\t<\/section>\n\t\t\t\t<section class=\"elementor-section elementor-top-section elementor-element elementor-element-63e1bda0 ct-section-stretched elementor-section-full_width elementor-section-height-full elementor-section-items-stretch elementor-section-height-default\" data-id=\"63e1bda0\" data-element_type=\"section\" data-e-type=\"section\" data-settings=\"{&quot;background_background&quot;:&quot;classic&quot;}\">\n\t\t\t\t\t\t<div class=\"elementor-container elementor-column-gap-no\">\n\t\t\t\t\t<div class=\"elementor-column elementor-col-50 elementor-top-column elementor-element elementor-element-90aec16\" data-id=\"90aec16\" data-element_type=\"column\" data-e-type=\"column\" data-settings=\"{&quot;background_background&quot;:&quot;classic&quot;}\">\n\t\t\t<div class=\"elementor-widget-wrap elementor-element-populated\">\n\t\t\t\t\t\t<section class=\"elementor-section elementor-inner-section elementor-element elementor-element-ab0da4e elementor-section-height-min-height elementor-section-boxed elementor-section-height-default\" data-id=\"ab0da4e\" data-element_type=\"section\" data-e-type=\"section\">\n\t\t\t\t\t\t<div class=\"elementor-container elementor-column-gap-default\">\n\t\t\t\t\t<div class=\"elementor-column elementor-col-100 elementor-inner-column elementor-element elementor-element-96021a0\" data-id=\"96021a0\" data-element_type=\"column\" data-e-type=\"column\">\n\t\t\t<div class=\"elementor-widget-wrap\">\n\t\t\t\t\t\t\t<\/div>\n\t\t<\/div>\n\t\t\t\t\t<\/div>\n\t\t<\/section>\n\t\t\t\t\t<\/div>\n\t\t<\/div>\n\t\t\t\t<div class=\"elementor-column elementor-col-50 elementor-top-column elementor-element elementor-element-307c1f9a\" data-id=\"307c1f9a\" data-element_type=\"column\" data-e-type=\"column\" data-settings=\"{&quot;background_background&quot;:&quot;classic&quot;}\">\n\t\t\t<div class=\"elementor-widget-wrap elementor-element-populated\">\n\t\t\t\t\t\t<div class=\"elementor-element elementor-element-542433d elementor-widget elementor-widget-heading\" data-id=\"542433d\" data-element_type=\"widget\" data-e-type=\"widget\" data-widget_type=\"heading.default\">\n\t\t\t\t<div class=\"elementor-widget-container\">\n\t\t\t\t\t<h3 class=\"elementor-heading-title elementor-size-default\">A sz\u00e9khelyszolg\u00e1ltat\u00e1s d\u00edja<\/h3>\t\t\t\t<\/div>\n\t\t\t\t<\/div>\n\t\t\t\t<div class=\"elementor-element elementor-element-3c68adc elementor-widget elementor-widget-heading\" data-id=\"3c68adc\" data-element_type=\"widget\" data-e-type=\"widget\" data-widget_type=\"heading.default\">\n\t\t\t\t<div class=\"elementor-widget-container\">\n\t\t\t\t\t<h5 class=\"elementor-heading-title elementor-size-default\">12.000,-Ft + \u00c1fa \/ h\u00f3nap<\/h5>\t\t\t\t<\/div>\n\t\t\t\t<\/div>\n\t\t\t\t<div class=\"elementor-element elementor-element-8e54eb8 elementor-widget elementor-widget-text-editor\" data-id=\"8e54eb8\" data-element_type=\"widget\" data-e-type=\"widget\" data-widget_type=\"text-editor.default\">\n\t\t\t\t<div class=\"elementor-widget-container\">\n\t\t\t\t\t\t\t\t\t<p>Ez\u00e9rt a d\u00edjaz\u00e1s\u00e9rt biztos\u00edtunk c\u00e9gednek sz\u00e9khelyet, telephelyet vagy fi\u00f3ktelepet. \u00c1tvessz\u00fck a post\u00e1d \u00e9s csomagjaidat, \u00e9s 24 \u00f3r\u00e1n bel\u00fcl \u00e9rtes\u00edt\u00fcnk r\u00f3la. Leveleidet ig\u00e9ny szerint szkennelj\u00fck, \u00e9s tov\u00e1bb\u00edtjuk azt egy megadott email c\u00edmre. Kihelyezz\u00fck c\u00e9gt\u00e1bl\u00e1dat.<\/p>\t\t\t\t\t\t\t\t<\/div>\n\t\t\t\t<\/div>\n\t\t\t\t\t<\/div>\n\t\t<\/div>\n\t\t\t\t\t<\/div>\n\t\t<\/section>\n\t\t\t\t<section class=\"elementor-section elementor-top-section elementor-element elementor-element-2e25864 ct-section-stretched elementor-section-full_width elementor-section-height-full elementor-section-items-stretch elementor-reverse-tablet elementor-reverse-mobile elementor-section-height-default\" data-id=\"2e25864\" data-element_type=\"section\" data-e-type=\"section\" data-settings=\"{&quot;background_background&quot;:&quot;classic&quot;}\">\n\t\t\t\t\t\t<div class=\"elementor-container elementor-column-gap-no\">\n\t\t\t\t\t<div class=\"elementor-column elementor-col-50 elementor-top-column elementor-element elementor-element-7cf26f7\" data-id=\"7cf26f7\" data-element_type=\"column\" data-e-type=\"column\" data-settings=\"{&quot;background_background&quot;:&quot;classic&quot;}\">\n\t\t\t<div class=\"elementor-widget-wrap elementor-element-populated\">\n\t\t\t\t\t\t<div class=\"elementor-element elementor-element-6f8c080 elementor-widget elementor-widget-text-editor\" data-id=\"6f8c080\" data-element_type=\"widget\" data-e-type=\"widget\" data-widget_type=\"text-editor.default\">\n\t\t\t\t<div class=\"elementor-widget-container\">\n\t\t\t\t\t\t\t\t\t<p>Munkanapokon szem\u00e9lyi \u00fcgyeletet biztos\u00edtunk h\u00e9tf\u0151t\u0151l p\u00e9ntekig 8.00-17.00 \u00f3r\u00e1ig.<\/p>\t\t\t\t\t\t\t\t<\/div>\n\t\t\t\t<\/div>\n\t\t\t\t\t<\/div>\n\t\t<\/div>\n\t\t\t\t<div class=\"elementor-column elementor-col-50 elementor-top-column elementor-element elementor-element-f0d8780\" data-id=\"f0d8780\" data-element_type=\"column\" data-e-type=\"column\" data-settings=\"{&quot;background_background&quot;:&quot;classic&quot;}\">\n\t\t\t<div class=\"elementor-widget-wrap elementor-element-populated\">\n\t\t\t\t\t\t<section class=\"elementor-section elementor-inner-section elementor-element elementor-element-6b2dd56 elementor-section-height-min-height elementor-section-boxed elementor-section-height-default\" data-id=\"6b2dd56\" data-element_type=\"section\" data-e-type=\"section\">\n\t\t\t\t\t\t<div class=\"elementor-container elementor-column-gap-default\">\n\t\t\t\t\t<div class=\"elementor-column elementor-col-100 elementor-inner-column elementor-element elementor-element-aaa43e6\" data-id=\"aaa43e6\" data-element_type=\"column\" data-e-type=\"column\">\n\t\t\t<div class=\"elementor-widget-wrap\">\n\t\t\t\t\t\t\t<\/div>\n\t\t<\/div>\n\t\t\t\t\t<\/div>\n\t\t<\/section>\n\t\t\t\t\t<\/div>\n\t\t<\/div>\n\t\t\t\t\t<\/div>\n\t\t<\/section>\n\t\t\t\t<\/div>","protected":false},"excerpt":{"rendered":"<p>Sz\u00e9khelyszolg\u00e1ltat\u00e1s Megb\u00edzhat\u00f3 sz\u00e9khelyszolg\u00e1ltat\u00e1s Szeged belv\u00e1ros\u00e1ban. A sz\u00e9khelyszolg\u00e1ltat\u00e1s d\u00edja 12.000,-Ft + \u00c1fa \/ h\u00f3nap Ez\u00e9rt a d\u00edjaz\u00e1s\u00e9rt biztos\u00edtunk c\u00e9gednek sz\u00e9khelyet, telephelyet vagy fi\u00f3ktelepet. \u00c1tvessz\u00fck a post\u00e1d \u00e9s csomagjaidat, \u00e9s 24 \u00f3r\u00e1n bel\u00fcl \u00e9rtes\u00edt\u00fcnk r\u00f3la. Leveleidet ig\u00e9ny szerint szkennelj\u00fck, \u00e9s tov\u00e1bb\u00edtjuk azt egy megadott email c\u00edmre. Kihelyezz\u00fck c\u00e9gt\u00e1bl\u00e1dat. Munkanapokon szem\u00e9lyi \u00fcgyeletet biztos\u00edtunk h\u00e9tf\u0151t\u0151l p\u00e9ntekig 8.00-17.00 \u00f3r\u00e1ig.<\/p>","protected":false},"author":1,"featured_media":0,"parent":0,"menu_order":0,"comment_status":"closed","ping_status":"closed","template":"","meta":{"footnotes":""},"class_list":["post-1014","page","type-page","status-publish","hentry"],"blocksy_meta":{"styles_descriptor":{"styles":{"desktop":"","tablet":"","mobile":""},"google_fonts":[],"version":6}},"_links":{"self":[{"href":"https:\/\/junglecoworking.hu\/en\/wp-json\/wp\/v2\/pages\/1014","targetHints":{"allow":["GET"]}}],"collection":[{"href":"https:\/\/junglecoworking.hu\/en\/wp-json\/wp\/v2\/pages"}],"about":[{"href":"https:\/\/junglecoworking.hu\/en\/wp-json\/wp\/v2\/types\/page"}],"author":[{"embeddable":true,"href":"https:\/\/junglecoworking.hu\/en\/wp-json\/wp\/v2\/users\/1"}],"replies":[{"embeddable":true,"href":"https:\/\/junglecoworking.hu\/en\/wp-json\/wp\/v2\/comments?post=1014"}],"version-history":[{"count":26,"href":"https:\/\/junglecoworking.hu\/en\/wp-json\/wp\/v2\/pages\/1014\/revisions"}],"predecessor-version":[{"id":2850,"href":"https:\/\/junglecoworking.hu\/en\/wp-json\/wp\/v2\/pages\/1014\/revisions\/2850"}],"wp:attachment":[{"href":"https:\/\/junglecoworking.hu\/en\/wp-json\/wp\/v2\/media?parent=1014"}],"curies":[{"name":"wp","href":"https:\/\/api.w.org\/{rel}","templated":true}]}}