{"id":4003,"date":"2025-03-14T11:52:18","date_gmt":"2025-03-14T10:52:18","guid":{"rendered":"https:\/\/junglecoworking.hu\/?page_id=4003"},"modified":"2025-03-14T13:29:41","modified_gmt":"2025-03-14T12:29:41","slug":"esemenyek","status":"publish","type":"page","link":"https:\/\/junglecoworking.hu\/en\/esemenyek\/","title":{"rendered":"Esem\u00e9nyek"},"content":{"rendered":"<div data-elementor-type=\"wp-page\" data-elementor-id=\"4003\" class=\"elementor elementor-4003\" data-elementor-post-type=\"page\">\n\t\t\t\t\t\t<section class=\"elementor-section elementor-top-section elementor-element elementor-element-44b4df11 ct-section-stretched elementor-section-full_width elementor-section-height-full elementor-section-items-stretch elementor-section-height-default\" data-id=\"44b4df11\" data-element_type=\"section\" data-e-type=\"section\" data-settings=\"{&quot;background_background&quot;:&quot;classic&quot;}\">\n\t\t\t\t\t\t<div class=\"elementor-container elementor-column-gap-no\">\n\t\t\t\t\t<div class=\"elementor-column elementor-col-50 elementor-top-column elementor-element elementor-element-5236c013\" data-id=\"5236c013\" data-element_type=\"column\" data-e-type=\"column\" data-settings=\"{&quot;background_background&quot;:&quot;classic&quot;}\">\n\t\t\t<div class=\"elementor-widget-wrap\">\n\t\t\t\t\t\t\t<\/div>\n\t\t<\/div>\n\t\t\t\t<div class=\"elementor-column elementor-col-50 elementor-top-column elementor-element elementor-element-7009a0c4\" data-id=\"7009a0c4\" data-element_type=\"column\" data-e-type=\"column\">\n\t\t\t<div class=\"elementor-widget-wrap elementor-element-populated\">\n\t\t\t\t\t\t<div class=\"elementor-element elementor-element-7240c010 elementor-widget elementor-widget-heading\" data-id=\"7240c010\" data-element_type=\"widget\" data-e-type=\"widget\" data-widget_type=\"heading.default\">\n\t\t\t\t<div class=\"elementor-widget-container\">\n\t\t\t\t\t<h1 class=\"elementor-heading-title elementor-size-default\">Coworking ny\u00edlt nap<\/h1>\t\t\t\t<\/div>\n\t\t\t\t<\/div>\n\t\t\t\t<div class=\"elementor-element elementor-element-3c4cf7d1 elementor-widget elementor-widget-text-editor\" data-id=\"3c4cf7d1\" data-element_type=\"widget\" data-e-type=\"widget\" data-widget_type=\"text-editor.default\">\n\t\t\t\t<div class=\"elementor-widget-container\">\n\t\t\t\t\t\t\t\t\t<div style=\"text-align: justify;\">Ezen a napon ingyen kipr\u00f3b\u00e1lhatod, milyen egy k\u00f6z\u00f6ss\u00e9gi irod\u00e1ban dolgozni. Nem csak nyugodt munkak\u00f6rnyezetet biztos\u00edtunk, hanem lehet\u0151s\u00e9get arra is, hogy \u00faj ismerets\u00e9geket k\u00f6ss, vagy egyszer\u0171en csak egy j\u00f3 k\u00f6z\u00f6ss\u00e9g tagja legy\u00e9l.<\/div><div>\u00a0<\/div><div class=\"x11i5rnm xat24cr x1mh8g0r x1vvkbs xtlvy1s\"><strong>08:00<\/strong> &#8211; Nyitunk, v\u00e1runk szeretettel!<\/div><div class=\"x11i5rnm xat24cr x1mh8g0r x1vvkbs xtlvy1s\"><strong>Eg\u00e9sz nap<\/strong> &#8211; Dolgozz, ismerkedj, tapasztald meg a k\u00f6z\u00f6ss\u00e9gi iroda el\u0151nyeit.<\/div><div class=\"x11i5rnm xat24cr x1mh8g0r x1vvkbs xtlvy1s\"><strong>18:00<\/strong> &#8211; Z\u00e1runk, de napk\u00f6zben b\u00e1rmikor beugorhatsz!<\/div><div>\u00a0<\/div><div>Minden vend\u00e9g\u00fcnket megaj\u00e1nd\u00e9kozzuk egy \u00edzletes k\u00e1v\u00e9val vagy te\u00e1val \u00e9s pog\u00e1cs\u00e1val, hogy m\u00e9g kellemesebb legyen a napod.<\/div><div>\u00a0<\/div><p><strong>Id\u0151pont:<\/strong> 2025.03.27.<br \/><strong>Helysz\u00edn:<\/strong> 6723 Szeged, R\u00f3mai krt. 23.<\/p><p>\u00a0<\/p><p>A r\u00e9szv\u00e9tel ingyenes, de regisztr\u00e1ci\u00f3hoz k\u00f6t\u00f6tt.<br \/>Regisztr\u00e1lj az al\u00e1bbi gomb seg\u00edts\u00e9g\u00e9vel:<\/p>\t\t\t\t\t\t\t\t<\/div>\n\t\t\t\t<\/div>\n\t\t\t\t<div class=\"elementor-element elementor-element-1a996083 elementor-align-center elementor-widget elementor-widget-button\" data-id=\"1a996083\" data-element_type=\"widget\" data-e-type=\"widget\" data-widget_type=\"button.default\">\n\t\t\t\t<div class=\"elementor-widget-container\">\n\t\t\t\t\t\t\t\t\t<div class=\"elementor-button-wrapper\">\n\t\t\t\t\t<a class=\"elementor-button elementor-button-link elementor-size-sm\" href=\"https:\/\/junglecoworking.hu\/termek\/ingyenes-esemeny\/\">\n\t\t\t\t\t\t<span class=\"elementor-button-content-wrapper\">\n\t\t\t\t\t\t\t\t\t<span class=\"elementor-button-text\">Regisztr\u00e1lok az esem\u00e9nyre<\/span>\n\t\t\t\t\t<\/span>\n\t\t\t\t\t<\/a>\n\t\t\t\t<\/div>\n\t\t\t\t\t\t\t\t<\/div>\n\t\t\t\t<\/div>\n\t\t\t\t\t<\/div>\n\t\t<\/div>\n\t\t\t\t\t<\/div>\n\t\t<\/section>\n\t\t\t\t<\/div>","protected":false},"excerpt":{"rendered":"<p>Coworking ny\u00edlt nap Ezen a napon ingyen kipr\u00f3b\u00e1lhatod, milyen egy k\u00f6z\u00f6ss\u00e9gi irod\u00e1ban dolgozni. Nem csak nyugodt munkak\u00f6rnyezetet biztos\u00edtunk, hanem lehet\u0151s\u00e9get arra is, hogy \u00faj ismerets\u00e9geket k\u00f6ss, vagy egyszer\u0171en csak egy j\u00f3 k\u00f6z\u00f6ss\u00e9g tagja legy\u00e9l.\u00a008:00 &#8211; Nyitunk, v\u00e1runk szeretettel!Eg\u00e9sz nap &#8211; Dolgozz, ismerkedj, tapasztald meg a k\u00f6z\u00f6ss\u00e9gi iroda el\u0151nyeit.18:00 &#8211; Z\u00e1runk, de napk\u00f6zben b\u00e1rmikor beugorhatsz!\u00a0Minden vend\u00e9g\u00fcnket [&hellip;]<\/p>\n","protected":false},"author":3,"featured_media":0,"parent":0,"menu_order":0,"comment_status":"closed","ping_status":"closed","template":"","meta":{"footnotes":""},"class_list":["post-4003","page","type-page","status-publish","hentry"],"blocksy_meta":[],"_links":{"self":[{"href":"https:\/\/junglecoworking.hu\/en\/wp-json\/wp\/v2\/pages\/4003","targetHints":{"allow":["GET"]}}],"collection":[{"href":"https:\/\/junglecoworking.hu\/en\/wp-json\/wp\/v2\/pages"}],"about":[{"href":"https:\/\/junglecoworking.hu\/en\/wp-json\/wp\/v2\/types\/page"}],"author":[{"embeddable":true,"href":"https:\/\/junglecoworking.hu\/en\/wp-json\/wp\/v2\/users\/3"}],"replies":[{"embeddable":true,"href":"https:\/\/junglecoworking.hu\/en\/wp-json\/wp\/v2\/comments?post=4003"}],"version-history":[{"count":16,"href":"https:\/\/junglecoworking.hu\/en\/wp-json\/wp\/v2\/pages\/4003\/revisions"}],"predecessor-version":[{"id":4025,"href":"https:\/\/junglecoworking.hu\/en\/wp-json\/wp\/v2\/pages\/4003\/revisions\/4025"}],"wp:attachment":[{"href":"https:\/\/junglecoworking.hu\/en\/wp-json\/wp\/v2\/media?parent=4003"}],"curies":[{"name":"wp","href":"https:\/\/api.w.org\/{rel}","templated":true}]}}