{"id":465,"date":"2022-10-20T10:59:41","date_gmt":"2022-10-20T10:59:41","guid":{"rendered":"https:\/\/junglecoworking.hu\/?post_type=product&#038;p=465"},"modified":"2024-12-20T14:40:00","modified_gmt":"2024-12-20T13:40:00","slug":"tobb-napos-jegyek","status":"publish","type":"product","link":"https:\/\/junglecoworking.hu\/en\/product\/tobb-napos-jegyek\/","title":{"rendered":"Multy-day tickets"},"content":{"rendered":"","protected":false},"excerpt":{"rendered":"<p>T\u00f6bb napos jegyeinket egy h\u00f3napban lehet felhaszn\u00e1lni szabadon kiv\u00e1lasztott napokon.<\/p>\n<p>K\u00e9rlek v\u00e1lasz az al\u00e1bbi opci\u00f3k k\u00f6z\u00fcl.<\/p>","protected":false},"featured_media":233,"template":"","meta":[],"product_brand":[],"product_cat":[35],"product_tag":[],"class_list":{"0":"post-465","1":"product","2":"type-product","3":"status-publish","4":"has-post-thumbnail","6":"product_cat-tobb-napos-jegy","8":"first","9":"instock","10":"taxable","11":"shipping-taxable","12":"purchasable","13":"product-type-variable"},"_links":{"self":[{"href":"https:\/\/junglecoworking.hu\/en\/wp-json\/wp\/v2\/product\/465","targetHints":{"allow":["GET"]}}],"collection":[{"href":"https:\/\/junglecoworking.hu\/en\/wp-json\/wp\/v2\/product"}],"about":[{"href":"https:\/\/junglecoworking.hu\/en\/wp-json\/wp\/v2\/types\/product"}],"wp:featuredmedia":[{"embeddable":true,"href":"https:\/\/junglecoworking.hu\/en\/wp-json\/wp\/v2\/media\/233"}],"wp:attachment":[{"href":"https:\/\/junglecoworking.hu\/en\/wp-json\/wp\/v2\/media?parent=465"}],"wp:term":[{"taxonomy":"product_brand","embeddable":true,"href":"https:\/\/junglecoworking.hu\/en\/wp-json\/wp\/v2\/product_brand?post=465"},{"taxonomy":"product_cat","embeddable":true,"href":"https:\/\/junglecoworking.hu\/en\/wp-json\/wp\/v2\/product_cat?post=465"},{"taxonomy":"product_tag","embeddable":true,"href":"https:\/\/junglecoworking.hu\/en\/wp-json\/wp\/v2\/product_tag?post=465"}],"curies":[{"name":"wp","href":"https:\/\/api.w.org\/{rel}","templated":true}]}}